{"id":53,"date":"2019-12-20T20:31:59","date_gmt":"2019-12-20T20:31:59","guid":{"rendered":"http:\/\/musikschule-kalinski.de\/?page_id=53"},"modified":"2025-12-05T16:46:23","modified_gmt":"2025-12-05T15:46:23","slug":"unsere-musiklehrer","status":"publish","type":"page","link":"https:\/\/musikschule-kalinski.de\/?page_id=53","title":{"rendered":"Unsere Musiklehrer"},"content":{"rendered":"<section class=\"l-section wpb_row height_medium\"><div class=\"l-section-h i-cf\"><div class=\"g-cols vc_row via_flex valign_top type_default stacking_default\"><div class=\"vc_col-sm-4 wpb_column vc_column_container\"><div class=\"vc_column-inner\"><div class=\"wpb_wrapper\"><div class=\"w-person us_custom_2dbf7b3f layout_cards\" itemscope itemtype=\"https:\/\/schema.org\/Person\"><div class=\"w-person-image\"><a title=\"Stefan Kalinski\" href=\"http:\/\/musikschule-kalinski.de\/?page_id=20\" class=\"w-person-link\" aria-label=\"Stefan Kalinski\"><img loading=\"lazy\" decoding=\"async\" width=\"800\" height=\"595\" src=\"https:\/\/musikschule-kalinski.de\/wp-content\/uploads\/2019\/12\/stefan_kalinski.jpg\" class=\"attachment-full size-full\" alt=\"Stefan Kalinski\" srcset=\"https:\/\/musikschule-kalinski.de\/wp-content\/uploads\/2019\/12\/stefan_kalinski.jpg 800w, https:\/\/musikschule-kalinski.de\/wp-content\/uploads\/2019\/12\/stefan_kalinski-300x223.jpg 300w\" sizes=\"auto, (max-width: 800px) 100vw, 800px\" \/><\/a><\/div><div class=\"w-person-content\"><a title=\"Stefan Kalinski\" href=\"http:\/\/musikschule-kalinski.de\/?page_id=20\" class=\"w-person-link\" aria-label=\"Stefan Kalinski\"><h4 itemprop=\"name\" class=\"w-person-name\"><span>Stefan Kalinski<\/span><\/h4><\/a><div class=\"w-person-role\" itemprop=\"jobTitle\">Klavier- und Keyboardunterricht<\/div><\/div><\/div><div class=\"w-person us_custom_2dbf7b3f layout_cards\" itemscope itemtype=\"https:\/\/schema.org\/Person\"><div class=\"w-person-image\"><a title=\"Stefan Kalinski\" href=\"http:\/\/musikschule-kalinski.de\/?page_id=30\" class=\"w-person-link\" aria-label=\"Markus Schmidt\"><img loading=\"lazy\" decoding=\"async\" width=\"800\" height=\"595\" src=\"https:\/\/musikschule-kalinski.de\/wp-content\/uploads\/2019\/12\/markus_schmidt_gr_ml.jpg\" class=\"attachment-full size-full\" alt=\"Markus Schmidt\" srcset=\"https:\/\/musikschule-kalinski.de\/wp-content\/uploads\/2019\/12\/markus_schmidt_gr_ml.jpg 800w, https:\/\/musikschule-kalinski.de\/wp-content\/uploads\/2019\/12\/markus_schmidt_gr_ml-300x223.jpg 300w\" sizes=\"auto, (max-width: 800px) 100vw, 800px\" \/><\/a><\/div><div class=\"w-person-content\"><a title=\"Stefan Kalinski\" href=\"http:\/\/musikschule-kalinski.de\/?page_id=30\" class=\"w-person-link\" aria-label=\"Markus Schmidt\"><h4 itemprop=\"name\" class=\"w-person-name\"><span>Markus Schmidt<\/span><\/h4><\/a><div class=\"w-person-role\" itemprop=\"jobTitle\">Konzert- und E-Gitarre<\/div><\/div><\/div><div class=\"w-person us_custom_2dbf7b3f layout_cards\" itemscope itemtype=\"https:\/\/schema.org\/Person\"><div class=\"w-person-image\"><a title=\"Stefan Kalinski\" href=\"http:\/\/musikschule-kalinski.de\/?page_id=40\" class=\"w-person-link\" aria-label=\"Linda Russell\"><img loading=\"lazy\" decoding=\"async\" width=\"500\" height=\"372\" src=\"https:\/\/musikschule-kalinski.de\/wp-content\/uploads\/2019\/12\/linda_russell_ml.jpg\" class=\"attachment-full size-full\" alt=\"Linda Russell\" srcset=\"https:\/\/musikschule-kalinski.de\/wp-content\/uploads\/2019\/12\/linda_russell_ml.jpg 500w, https:\/\/musikschule-kalinski.de\/wp-content\/uploads\/2019\/12\/linda_russell_ml-300x223.jpg 300w\" sizes=\"auto, (max-width: 500px) 100vw, 500px\" \/><\/a><\/div><div class=\"w-person-content\"><a title=\"Stefan Kalinski\" href=\"http:\/\/musikschule-kalinski.de\/?page_id=40\" class=\"w-person-link\" aria-label=\"Linda Russell\"><h4 itemprop=\"name\" class=\"w-person-name\"><span>Linda Russell<\/span><\/h4><\/a><div class=\"w-person-role\" itemprop=\"jobTitle\">Violinenunterricht<\/div><\/div><\/div><\/div><\/div><\/div><div class=\"vc_col-sm-4 wpb_column vc_column_container\"><div class=\"vc_column-inner\"><div class=\"wpb_wrapper\"><div class=\"w-person us_custom_2dbf7b3f layout_cards\" itemscope itemtype=\"https:\/\/schema.org\/Person\"><div class=\"w-person-image\"><a title=\"Stefan Kalinski\" href=\"http:\/\/musikschule-kalinski.de\/?page_id=24\" class=\"w-person-link\" aria-label=\"J\u00fcrgen Kumlehn\"><img loading=\"lazy\" decoding=\"async\" width=\"500\" height=\"372\" src=\"https:\/\/musikschule-kalinski.de\/wp-content\/uploads\/2019\/12\/juergen_kumlehn_ml.jpg\" class=\"attachment-full size-full\" alt=\"J\u00fcrgen Kumlehn\" srcset=\"https:\/\/musikschule-kalinski.de\/wp-content\/uploads\/2019\/12\/juergen_kumlehn_ml.jpg 500w, https:\/\/musikschule-kalinski.de\/wp-content\/uploads\/2019\/12\/juergen_kumlehn_ml-300x223.jpg 300w\" sizes=\"auto, (max-width: 500px) 100vw, 500px\" \/><\/a><\/div><div class=\"w-person-content\"><a title=\"Stefan Kalinski\" href=\"http:\/\/musikschule-kalinski.de\/?page_id=24\" class=\"w-person-link\" aria-label=\"J\u00fcrgen Kumlehn\"><h4 itemprop=\"name\" class=\"w-person-name\"><span>J\u00fcrgen Kumlehn<\/span><\/h4><\/a><div class=\"w-person-role\" itemprop=\"jobTitle\">Gitarrenunterricht<\/div><\/div><\/div><div class=\"w-person us_custom_2dbf7b3f layout_cards\" itemscope itemtype=\"https:\/\/schema.org\/Person\"><div class=\"w-person-image\"><a title=\"Stefan Kalinski\" href=\"http:\/\/musikschule-kalinski.de\/?page_id=27\" class=\"w-person-link\" aria-label=\"Shin-Ying Lin\"><img loading=\"lazy\" decoding=\"async\" width=\"800\" height=\"595\" src=\"https:\/\/musikschule-kalinski.de\/wp-content\/uploads\/2019\/12\/Lin_Shin_Ying_ml.jpg\" class=\"attachment-full size-full\" alt=\"Shin-Ying Lin\" srcset=\"https:\/\/musikschule-kalinski.de\/wp-content\/uploads\/2019\/12\/Lin_Shin_Ying_ml.jpg 800w, https:\/\/musikschule-kalinski.de\/wp-content\/uploads\/2019\/12\/Lin_Shin_Ying_ml-300x223.jpg 300w\" sizes=\"auto, (max-width: 800px) 100vw, 800px\" \/><\/a><\/div><div class=\"w-person-content\"><a title=\"Stefan Kalinski\" href=\"http:\/\/musikschule-kalinski.de\/?page_id=27\" class=\"w-person-link\" aria-label=\"Shin-Ying Lin\"><h4 itemprop=\"name\" class=\"w-person-name\"><span>Shin-Ying Lin<\/span><\/h4><\/a><div class=\"w-person-role\" itemprop=\"jobTitle\">Fl\u00f6tenunterricht<\/div><\/div><\/div><div class=\"w-person us_custom_2dbf7b3f layout_cards\" itemscope itemtype=\"https:\/\/schema.org\/Person\"><div class=\"w-person-image\"><a title=\"Stefan Kalinski\" href=\"https:\/\/musikschule-kalinski.de\/?page_id=46\" class=\"w-person-link\" aria-label=\"Victoria Tsakiraki\"><img loading=\"lazy\" decoding=\"async\" width=\"800\" height=\"595\" src=\"https:\/\/musikschule-kalinski.de\/wp-content\/uploads\/2019\/12\/victoria_tsakiraki_ml.jpg\" class=\"attachment-full size-full\" alt=\"Victoria Tsakiraki\" srcset=\"https:\/\/musikschule-kalinski.de\/wp-content\/uploads\/2019\/12\/victoria_tsakiraki_ml.jpg 800w, https:\/\/musikschule-kalinski.de\/wp-content\/uploads\/2019\/12\/victoria_tsakiraki_ml-300x223.jpg 300w\" sizes=\"auto, (max-width: 800px) 100vw, 800px\" \/><\/a><\/div><div class=\"w-person-content\"><a title=\"Stefan Kalinski\" href=\"https:\/\/musikschule-kalinski.de\/?page_id=46\" class=\"w-person-link\" aria-label=\"Victoria Tsakiraki\"><h4 itemprop=\"name\" class=\"w-person-name\"><span>Victoria Tsakiraki<\/span><\/h4><\/a><div class=\"w-person-role\" itemprop=\"jobTitle\">Klavier und Gesang<\/div><\/div><\/div><\/div><\/div><\/div><div class=\"vc_col-sm-4 wpb_column vc_column_container\"><div class=\"vc_column-inner\"><div class=\"wpb_wrapper\"><div class=\"w-person us_custom_2dbf7b3f layout_cards\" itemscope itemtype=\"https:\/\/schema.org\/Person\"><div class=\"w-person-image\"><a title=\"Stefan Kalinski\" href=\"http:\/\/musikschule-kalinski.de\/?page_id=49\" class=\"w-person-link\" aria-label=\"Dominik Szewczyk\"><img loading=\"lazy\" decoding=\"async\" width=\"800\" height=\"595\" src=\"https:\/\/musikschule-kalinski.de\/wp-content\/uploads\/2019\/12\/dominik_szewczyk_ml.jpg\" class=\"attachment-full size-full\" alt=\"Dominik Szewczyk\" srcset=\"https:\/\/musikschule-kalinski.de\/wp-content\/uploads\/2019\/12\/dominik_szewczyk_ml.jpg 800w, https:\/\/musikschule-kalinski.de\/wp-content\/uploads\/2019\/12\/dominik_szewczyk_ml-300x223.jpg 300w\" sizes=\"auto, (max-width: 800px) 100vw, 800px\" \/><\/a><\/div><div class=\"w-person-content\"><a title=\"Stefan Kalinski\" href=\"http:\/\/musikschule-kalinski.de\/?page_id=49\" class=\"w-person-link\" aria-label=\"Dominik Szewczyk\"><h4 itemprop=\"name\" class=\"w-person-name\"><span>Dominik Szewczyk<\/span><\/h4><\/a><div class=\"w-person-role\" itemprop=\"jobTitle\">Geigenunterricht<\/div><\/div><\/div><div class=\"w-person us_custom_2dbf7b3f layout_cards\" itemscope itemtype=\"https:\/\/schema.org\/Person\"><div class=\"w-person-image\"><a title=\"Stefan Kalinski\" href=\"http:\/\/musikschule-kalinski.de\/?page_id=37\" class=\"w-person-link\" aria-label=\"Torben Oldenb\u00fcttel\"><img loading=\"lazy\" decoding=\"async\" width=\"800\" height=\"595\" src=\"https:\/\/musikschule-kalinski.de\/wp-content\/uploads\/2019\/12\/torben_oldenbuettel_ml.jpg\" class=\"attachment-full size-full\" alt=\"Torben Oldenb\u00fcttel\" srcset=\"https:\/\/musikschule-kalinski.de\/wp-content\/uploads\/2019\/12\/torben_oldenbuettel_ml.jpg 800w, https:\/\/musikschule-kalinski.de\/wp-content\/uploads\/2019\/12\/torben_oldenbuettel_ml-300x223.jpg 300w\" sizes=\"auto, (max-width: 800px) 100vw, 800px\" \/><\/a><\/div><div class=\"w-person-content\"><a title=\"Stefan Kalinski\" href=\"http:\/\/musikschule-kalinski.de\/?page_id=37\" class=\"w-person-link\" aria-label=\"Torben Oldenb\u00fcttel\"><h4 itemprop=\"name\" class=\"w-person-name\"><span>Torben Oldenb\u00fcttel<\/span><\/h4><\/a><div class=\"w-person-role\" itemprop=\"jobTitle\">Schlagzeug, Percussions, Cajon, Djemb\u00e9, Congas und Bongos<\/div><\/div><\/div><\/div><\/div><\/div><\/div><\/div><\/section>\n","protected":false},"excerpt":{"rendered":"Stefan KalinskiKlavier- und KeyboardunterrichtMarkus SchmidtKonzert- und E-GitarreLinda RussellViolinenunterrichtJ\u00fcrgen KumlehnGitarrenunterrichtShin-Ying LinFl\u00f6tenunterrichtVictoria TsakirakiKlavier und GesangDominik SzewczykGeigenunterrichtTorben Oldenb\u00fcttelSchlagzeug, Percussions, Cajon, Djemb\u00e9, Congas und Bongos","protected":false},"author":1,"featured_media":0,"parent":0,"menu_order":0,"comment_status":"closed","ping_status":"closed","template":"","meta":{"footnotes":""},"class_list":["post-53","page","type-page","status-publish","hentry"],"_links":{"self":[{"href":"https:\/\/musikschule-kalinski.de\/index.php?rest_route=\/wp\/v2\/pages\/53","targetHints":{"allow":["GET"]}}],"collection":[{"href":"https:\/\/musikschule-kalinski.de\/index.php?rest_route=\/wp\/v2\/pages"}],"about":[{"href":"https:\/\/musikschule-kalinski.de\/index.php?rest_route=\/wp\/v2\/types\/page"}],"author":[{"embeddable":true,"href":"https:\/\/musikschule-kalinski.de\/index.php?rest_route=\/wp\/v2\/users\/1"}],"replies":[{"embeddable":true,"href":"https:\/\/musikschule-kalinski.de\/index.php?rest_route=%2Fwp%2Fv2%2Fcomments&post=53"}],"version-history":[{"count":9,"href":"https:\/\/musikschule-kalinski.de\/index.php?rest_route=\/wp\/v2\/pages\/53\/revisions"}],"predecessor-version":[{"id":170,"href":"https:\/\/musikschule-kalinski.de\/index.php?rest_route=\/wp\/v2\/pages\/53\/revisions\/170"}],"wp:attachment":[{"href":"https:\/\/musikschule-kalinski.de\/index.php?rest_route=%2Fwp%2Fv2%2Fmedia&parent=53"}],"curies":[{"name":"wp","href":"https:\/\/api.w.org\/{rel}","templated":true}]}}