{"id":27,"date":"2019-12-20T19:48:46","date_gmt":"2019-12-20T19:48:46","guid":{"rendered":"http:\/\/musikschule-kalinski.de\/?page_id=27"},"modified":"2019-12-20T19:53:45","modified_gmt":"2019-12-20T19:53:45","slug":"benjamin-tiedemann","status":"publish","type":"page","link":"https:\/\/musikschule-kalinski.de\/?page_id=27","title":{"rendered":"Shin-Ying Lin"},"content":{"rendered":"<section class=\"l-section wpb_row height_medium\"><div class=\"l-section-h i-cf\"><div class=\"g-cols vc_row via_flex valign_top type_default stacking_default\"><div class=\"vc_col-sm-6 wpb_column vc_column_container\"><div class=\"vc_column-inner\"><div class=\"wpb_wrapper\"><div class=\"w-image align_none us_animate_aft\"><div class=\"w-image-h\"><img loading=\"lazy\" decoding=\"async\" width=\"300\" height=\"434\" src=\"https:\/\/musikschule-kalinski.de\/wp-content\/uploads\/2019\/12\/Lin_Shin_Ying.jpg\" class=\"attachment-large size-large\" alt=\"Shin-Ying Lin\" srcset=\"https:\/\/musikschule-kalinski.de\/wp-content\/uploads\/2019\/12\/Lin_Shin_Ying.jpg 300w, https:\/\/musikschule-kalinski.de\/wp-content\/uploads\/2019\/12\/Lin_Shin_Ying-207x300.jpg 207w\" sizes=\"auto, (max-width: 300px) 100vw, 300px\" \/><\/div><\/div><\/div><\/div><\/div><div class=\"vc_col-sm-6 wpb_column vc_column_container\"><div class=\"vc_column-inner\"><div class=\"wpb_wrapper\"><div class=\"wpb_text_column\"><div class=\"wpb_wrapper\"><h1>Shin-Ying Lin<\/h1>\n<h3 class=\"Stil1\">Fl\u00f6tenunterricht<\/h3>\n<p>Shin-Ying Lin, Fl\u00f6te, geboren in Kaohsiung, Taiwan, begann zun\u00e4chst mit Klavierunterricht bevor sie 1991 Fl\u00f6tenunterricht nahm. Von 2001 &#8211; 2002 studierte sie an der Kunstuniversit\u00e4t Taipei, danach setzte sie das Studium ab September 2002 an der Musikhochschule Freiburg fort, zun\u00e4chst bei Prof. Robert Aitken, sp\u00e4ter bei Pro. Felix Renggli. Dort schloss sie auch ihre k\u00fcnstlerische Ausbildung mit Auszeichnung ab. Seit 2007 studierte sie an der Hochschule f\u00fcr Musik und Theater Hamburg bei Prof. Hans-Udo Heinzmann im Aufbaustudium. 2011 schloss sie das Konzertexamen mit Auszeichnung ab.<\/p>\n<p>W\u00e4hrend der Schulzeit erhielt sie erste Preise, z.B. beim Staatlichen Wettbewerb Jungend musiziert, Kategorie Fl\u00f6te sowie als Solistin, aufgetreten mit Kaohsiung City Youth Symphony. Sie besuchte Meisterkurse in Taiwan und Europa bei Robert Aitken, Pierre-Yves Artaud, William Bennet, Philippe Bernold, Renate Greis-Armin, Hansgeorg Schmeiser, Henrik Wiese, Susan Milan, Gerard Noak, Stockhausen Kurs und Aur\u00e8le Nicolet.<\/p>\n<p>Sie ist aktiv in verchiedenen Ensembles, Musikfestival und als Solistin, z. B. beim Institut f\u00fcr Neue Musik Freiburg (2003-2007), Musikfestival Alsace in Roufach mit Slovakia Chamberorchetra, Ensemble-Opus XXI (2008-2009), Duo Shinadra mit Harfeistin Alexandra Guiraud (seit 2008), NFA (National Flute Association) Flute Convention 2010, u.a. Konzerte in Deutschland, Frankreich, Taiwan und U.S.A.<\/p>\n<p>Shin-Ying Lin ist Finalistin des Internationale h\u00fclsta-woodwinds Wettbewerbs in M\u00fcnster 2008, Preistr\u00e4gerin der Elise-Meyer Stiftung 2009 und des Hermann und Melina Ebel-Preises 2010.<\/p>\n<p>2009-2010 bekam sie eine Pratikumsstelle als Fl\u00f6tistin und Piccolistin bei den Philharmonikern Hamburg\/Staatsoper Hamburg und war h\u00e4ufig als Aushilfe f\u00fcr die Orchester in Flensburg, Hamburg und Kiel aktiv. In dieser Spielzeit ist sie engagiert als Fl\u00f6tistin und Piccolistin im Philharmonischen Orchester der Hansestadt L\u00fcbeck<\/p>\n<\/div><\/div><\/div><\/div><\/div><\/div><\/div><\/section>\n","protected":false},"excerpt":{"rendered":"Shin-Ying Lin Fl\u00f6tenunterricht Shin-Ying Lin, Fl\u00f6te, geboren in Kaohsiung, Taiwan, begann zun\u00e4chst mit Klavierunterricht bevor sie 1991 Fl\u00f6tenunterricht nahm. Von 2001 &#8211; 2002 studierte sie an der Kunstuniversit\u00e4t Taipei, danach setzte sie das Studium ab September 2002 an der Musikhochschule Freiburg fort, zun\u00e4chst bei Prof. Robert Aitken, sp\u00e4ter bei Pro. Felix Renggli. Dort schloss sie...","protected":false},"author":1,"featured_media":0,"parent":0,"menu_order":0,"comment_status":"closed","ping_status":"closed","template":"","meta":{"footnotes":""},"class_list":["post-27","page","type-page","status-publish","hentry"],"_links":{"self":[{"href":"https:\/\/musikschule-kalinski.de\/index.php?rest_route=\/wp\/v2\/pages\/27","targetHints":{"allow":["GET"]}}],"collection":[{"href":"https:\/\/musikschule-kalinski.de\/index.php?rest_route=\/wp\/v2\/pages"}],"about":[{"href":"https:\/\/musikschule-kalinski.de\/index.php?rest_route=\/wp\/v2\/types\/page"}],"author":[{"embeddable":true,"href":"https:\/\/musikschule-kalinski.de\/index.php?rest_route=\/wp\/v2\/users\/1"}],"replies":[{"embeddable":true,"href":"https:\/\/musikschule-kalinski.de\/index.php?rest_route=%2Fwp%2Fv2%2Fcomments&post=27"}],"version-history":[{"count":2,"href":"https:\/\/musikschule-kalinski.de\/index.php?rest_route=\/wp\/v2\/pages\/27\/revisions"}],"predecessor-version":[{"id":36,"href":"https:\/\/musikschule-kalinski.de\/index.php?rest_route=\/wp\/v2\/pages\/27\/revisions\/36"}],"wp:attachment":[{"href":"https:\/\/musikschule-kalinski.de\/index.php?rest_route=%2Fwp%2Fv2%2Fmedia&parent=27"}],"curies":[{"name":"wp","href":"https:\/\/api.w.org\/{rel}","templated":true}]}}