{"id":24,"date":"2019-12-20T19:46:37","date_gmt":"2019-12-20T19:46:37","guid":{"rendered":"http:\/\/musikschule-kalinski.de\/?page_id=24"},"modified":"2019-12-20T19:46:37","modified_gmt":"2019-12-20T19:46:37","slug":"juergen-kumlehn","status":"publish","type":"page","link":"https:\/\/musikschule-kalinski.de\/?page_id=24","title":{"rendered":"J\u00fcrgen Kumlehn"},"content":{"rendered":"<section class=\"l-section wpb_row height_medium\"><div class=\"l-section-h i-cf\"><div class=\"g-cols vc_row via_flex valign_top type_default stacking_default\"><div class=\"vc_col-sm-6 wpb_column vc_column_container\"><div class=\"vc_column-inner\"><div class=\"wpb_wrapper\"><div class=\"w-image align_none us_animate_aft\"><div class=\"w-image-h\"><img loading=\"lazy\" decoding=\"async\" width=\"300\" height=\"452\" src=\"https:\/\/musikschule-kalinski.de\/wp-content\/uploads\/2019\/12\/juergen_kumlehn_02.jpg\" class=\"attachment-large size-large\" alt=\"J\u00fcrgen Kumlehn\" srcset=\"https:\/\/musikschule-kalinski.de\/wp-content\/uploads\/2019\/12\/juergen_kumlehn_02.jpg 300w, https:\/\/musikschule-kalinski.de\/wp-content\/uploads\/2019\/12\/juergen_kumlehn_02-199x300.jpg 199w\" sizes=\"auto, (max-width: 300px) 100vw, 300px\" \/><\/div><\/div><\/div><\/div><\/div><div class=\"vc_col-sm-6 wpb_column vc_column_container\"><div class=\"vc_column-inner\"><div class=\"wpb_wrapper\"><div class=\"wpb_text_column\"><div class=\"wpb_wrapper\"><h1>J\u00fcrgen Kumlehn<\/h1>\n<h3 class=\"Stil1\">Gitarrenunterricht<\/h3>\n<ul>\n<li>Geboren 18.5.1955 in Minden.<\/li>\n<li>Nach dem Abitur und Zivildienst Lehramtsstudium Musik und Sport in Berlin und Hannover.<br \/>\nAbschluss 1983.<\/li>\n<li>1983 Kontaktstudium Popularmusik an der Hamburger Musikhochschule.<\/li>\n<li>Studioarbeit in gr\u00f6\u00dferem Umfang ab 1984, desgleichen Tourneen mit bekannten K\u00fcnstlern.<\/li>\n<li>Gearbeitet u.a. mit: Georg Danzer, Eartha Kitt,<br \/>\nRoland Kaiser, Howard Carpendale, Tony Christie,<br \/>\nVicky Leandros (seit 2004 auch musikalischer<br \/>\nLeiter), Roger Whittaker, Nazareth, Groove Minister,<br \/>\nHans Hartz, Annett Louisan.<\/li>\n<li>Mitarbeit als Ac.-Gitarrist beim Debutalbum<br \/>\n\u201eBoh\u00e8me\u201c von Annett Louisan , sowie beim zweiten Album \u201eUnausgesprochen\u201c.<\/li>\n<li>Erfolgreiche Tourneen ab Fr\u00fchjahr 05 bis<br \/>\nSommer 09 mit Annett Louisan gespielt.<\/li>\n<li>Seit 1991 Autor f\u00fcr Gitarrenb\u00fccher beim AMA Verlag.<br \/>\nSeitdem \u00fcber 20 Gitarrenb\u00fccher dort ver\u00f6ffentlicht.<\/li>\n<li>Zeitweise freiberuflicher Dozent am Hamburger Konservatorium Blankenese, sowie an<br \/>\nMusikschulen.<\/li>\n<li>1992 eigenes Album \u201eSch\u00f6ner Reisen mit<br \/>\nKumlehn &amp; Itt\u201c zusammen mit Bassist Frank Itt ver\u00f6ffentlicht.<\/li>\n<li>Ab 2008 weitere eigene CD\u00b4s: \u201cKumlehn\u2013Casimir\u2013Escayola &#8211; Hier\u201d,<br \/>\nsowie \u201cKumlehn und Freunde &#8211; Ins Blaue\u201d<\/li>\n<li>Besitzer eines eigenen, besonders gut f\u00fcr Gitarrenaufnahmen geeignetes Tonstudios.<\/li>\n<\/ul>\n<\/div><\/div><\/div><\/div><\/div><\/div><\/div><\/section>\n","protected":false},"excerpt":{"rendered":"J\u00fcrgen Kumlehn Gitarrenunterricht Geboren 18.5.1955 in Minden. Nach dem Abitur und Zivildienst Lehramtsstudium Musik und Sport in Berlin und Hannover. Abschluss 1983. 1983 Kontaktstudium Popularmusik an der Hamburger Musikhochschule. Studioarbeit in gr\u00f6\u00dferem Umfang ab 1984, desgleichen Tourneen mit bekannten K\u00fcnstlern. Gearbeitet u.a. mit: Georg Danzer, Eartha Kitt, Roland Kaiser, Howard Carpendale, Tony Christie, Vicky Leandros...","protected":false},"author":1,"featured_media":0,"parent":0,"menu_order":0,"comment_status":"closed","ping_status":"closed","template":"","meta":{"footnotes":""},"class_list":["post-24","page","type-page","status-publish","hentry"],"_links":{"self":[{"href":"https:\/\/musikschule-kalinski.de\/index.php?rest_route=\/wp\/v2\/pages\/24","targetHints":{"allow":["GET"]}}],"collection":[{"href":"https:\/\/musikschule-kalinski.de\/index.php?rest_route=\/wp\/v2\/pages"}],"about":[{"href":"https:\/\/musikschule-kalinski.de\/index.php?rest_route=\/wp\/v2\/types\/page"}],"author":[{"embeddable":true,"href":"https:\/\/musikschule-kalinski.de\/index.php?rest_route=\/wp\/v2\/users\/1"}],"replies":[{"embeddable":true,"href":"https:\/\/musikschule-kalinski.de\/index.php?rest_route=%2Fwp%2Fv2%2Fcomments&post=24"}],"version-history":[{"count":1,"href":"https:\/\/musikschule-kalinski.de\/index.php?rest_route=\/wp\/v2\/pages\/24\/revisions"}],"predecessor-version":[{"id":26,"href":"https:\/\/musikschule-kalinski.de\/index.php?rest_route=\/wp\/v2\/pages\/24\/revisions\/26"}],"wp:attachment":[{"href":"https:\/\/musikschule-kalinski.de\/index.php?rest_route=%2Fwp%2Fv2%2Fmedia&parent=24"}],"curies":[{"name":"wp","href":"https:\/\/api.w.org\/{rel}","templated":true}]}}