{"id":110,"date":"2019-12-21T06:43:38","date_gmt":"2019-12-21T06:43:38","guid":{"rendered":"http:\/\/musikschule-kalinski.de\/?page_id=110"},"modified":"2019-12-21T06:43:38","modified_gmt":"2019-12-21T06:43:38","slug":"unsere-ziele","status":"publish","type":"page","link":"https:\/\/musikschule-kalinski.de\/?page_id=110","title":{"rendered":"Unsere Ziele"},"content":{"rendered":"<section class=\"l-section wpb_row height_medium\"><div class=\"l-section-h i-cf\"><div class=\"g-cols vc_row via_flex valign_top type_default stacking_default\"><div class=\"vc_col-sm-12 wpb_column vc_column_container\"><div class=\"vc_column-inner\"><div class=\"wpb_wrapper\"><div class=\"wpb_text_column\"><div class=\"wpb_wrapper\"><h1 style=\"text-align: center;\">Unsere Ziele<\/h1>\n<\/div><\/div><div class=\"g-cols wpb_row via_flex valign_top type_default stacking_default\"><div class=\"vc_col-sm-6 wpb_column vc_column_container\"><div class=\"vc_column-inner\"><div class=\"wpb_wrapper\"><div class=\"w-image align_none meta_simple\"><div class=\"w-image-h\"><img loading=\"lazy\" decoding=\"async\" width=\"800\" height=\"533\" src=\"https:\/\/musikschule-kalinski.de\/wp-content\/uploads\/2019\/12\/Ziele_Musikschule.jpg\" class=\"attachment-large size-large\" alt=\"Ziele Musikschule Kalinski\" srcset=\"https:\/\/musikschule-kalinski.de\/wp-content\/uploads\/2019\/12\/Ziele_Musikschule.jpg 800w, https:\/\/musikschule-kalinski.de\/wp-content\/uploads\/2019\/12\/Ziele_Musikschule-300x200.jpg 300w\" sizes=\"auto, (max-width: 800px) 100vw, 800px\" \/><\/div><div class=\"w-image-meta\"><div class=\"w-image-title\">AdobeStock<\/div><\/div><\/div><\/div><\/div><\/div><div class=\"vc_col-sm-6 wpb_column vc_column_container\"><div class=\"vc_column-inner\"><div class=\"wpb_wrapper\"><div class=\"wpb_text_column\"><div class=\"wpb_wrapper\"><p>Wir f\u00f6rdern aktives Musizieren von Anf\u00e4ngern und Wiedereinsteigern, denn es f\u00f6rdert nachweislich nicht nur die soziale Kompetenzen, analytisches Denken und emotionales Ausdruckverm\u00f6gen, sondern steigert gleichzeitig den Gemeinsinn, die Kreativit\u00e4t, das Selbstbewusstsein und die Leistungsf\u00e4higkeit eines jeden einzelnen.<\/p>\n<p>In unseren Kursen erhalten Sie kompetenten und modernen Unterricht f\u00fcr Spa\u00df und Freude am Musizieren. Dabei wecken und f\u00f6rdern wir individuell Ihre musikalischen Interessen und F\u00e4higkeiten. Erste Erfolgserlebnisse bereits nach den ersten Kursstunden motivieren und f\u00f6rdern die Spielfreude auch beim \u00dcben. Zudem legen wir besonderen Wert auf flexible und kundenorientierte Rahmenbedingungen sowie Kursgeb\u00fchren.<\/p>\n<\/div><\/div><\/div><\/div><\/div><\/div><\/div><\/div><\/div><\/div><\/div><\/section>\n","protected":false},"excerpt":{"rendered":"Unsere Ziele AdobeStockWir f\u00f6rdern aktives Musizieren von Anf\u00e4ngern und Wiedereinsteigern, denn es f\u00f6rdert nachweislich nicht nur die soziale Kompetenzen, analytisches Denken und emotionales Ausdruckverm\u00f6gen, sondern steigert gleichzeitig den Gemeinsinn, die Kreativit\u00e4t, das Selbstbewusstsein und die Leistungsf\u00e4higkeit eines jeden einzelnen. In unseren Kursen erhalten Sie kompetenten und modernen Unterricht f\u00fcr Spa\u00df und Freude am Musizieren. Dabei...","protected":false},"author":1,"featured_media":0,"parent":0,"menu_order":0,"comment_status":"closed","ping_status":"closed","template":"","meta":{"footnotes":""},"class_list":["post-110","page","type-page","status-publish","hentry"],"_links":{"self":[{"href":"https:\/\/musikschule-kalinski.de\/index.php?rest_route=\/wp\/v2\/pages\/110","targetHints":{"allow":["GET"]}}],"collection":[{"href":"https:\/\/musikschule-kalinski.de\/index.php?rest_route=\/wp\/v2\/pages"}],"about":[{"href":"https:\/\/musikschule-kalinski.de\/index.php?rest_route=\/wp\/v2\/types\/page"}],"author":[{"embeddable":true,"href":"https:\/\/musikschule-kalinski.de\/index.php?rest_route=\/wp\/v2\/users\/1"}],"replies":[{"embeddable":true,"href":"https:\/\/musikschule-kalinski.de\/index.php?rest_route=%2Fwp%2Fv2%2Fcomments&post=110"}],"version-history":[{"count":2,"href":"https:\/\/musikschule-kalinski.de\/index.php?rest_route=\/wp\/v2\/pages\/110\/revisions"}],"predecessor-version":[{"id":113,"href":"https:\/\/musikschule-kalinski.de\/index.php?rest_route=\/wp\/v2\/pages\/110\/revisions\/113"}],"wp:attachment":[{"href":"https:\/\/musikschule-kalinski.de\/index.php?rest_route=%2Fwp%2Fv2%2Fmedia&parent=110"}],"curies":[{"name":"wp","href":"https:\/\/api.w.org\/{rel}","templated":true}]}}